{"id":1015,"date":"2021-11-25T15:37:26","date_gmt":"2021-11-25T15:37:26","guid":{"rendered":"https:\/\/kits.themecy.com\/learn\/?page_id=11"},"modified":"2022-06-02T11:42:58","modified_gmt":"2022-06-02T11:42:58","slug":"blog","status":"publish","type":"page","link":"https:\/\/www.flaskarji.si\/?page_id=1015","title":{"rendered":"Blog"},"content":{"rendered":"\n<p class=\"has-theme-palette-2-color has-text-color has-medium-font-size\"><em>Vsi prispevki na enem mestu..<\/em><\/p>\n\n\n<form role=\"search\" method=\"get\" action=\"https:\/\/www.flaskarji.si\/\" class=\"wp-block-search__button-outside wp-block-search__text-button wp-block-search\"    ><label class=\"wp-block-search__label\" for=\"wp-block-search__input-1\" >I\u0161\u010di<\/label><div class=\"wp-block-search__inside-wrapper\" ><input class=\"wp-block-search__input\" id=\"wp-block-search__input-1\" placeholder=\"\" value=\"\" type=\"search\" name=\"s\" required \/><button aria-label=\"I\u0161\u010di\" class=\"wp-block-search__button has-background has-theme-palette1-background-color wp-element-button\" type=\"submit\" >I\u0161\u010di<\/button><\/div><\/form>\n\n<style>.kb-posts-id-_f01367-14 .kb-post-list-item{display:grid;}<\/style><ul class=\"wp-block-kadence-posts kb-posts kadence-posts-list kb-posts-id-_f01367-14 content-wrap grid-cols kb-posts-style-boxed grid-sm-col-2 grid-lg-col-3 item-image-style-above\"><li class=\"kb-post-list-item\">\n\t<article class=\"entry content-bg loop-entry post-1626 post type-post status-publish format-standard hentry category-https-www-flaskarji-si-page_id1015\">\n\t\t\t\t<div class=\"entry-content-wrap\">\n\t\t\t<header class=\"entry-header\">\n\t\t<div class=\"entry-taxonomies\">\n\t\t<span class=\"category-links term-links category-style-normal\">\n\t\t\t<a href=\"https:\/\/www.flaskarji.si\/?cat=1\" class=\"category-link-https-www-flaskarji-si-page_id1015\" rel=\"tag\">Blog<\/a>\t\t<\/span>\n\t<\/div><!-- .entry-taxonomies -->\n\t<h2 class=\"entry-title\"><a href=\"https:\/\/www.flaskarji.si\/?p=1626\" rel=\"bookmark\">ODSTAVLJANJE<\/a><\/h2>\t<div class=\"entry-meta entry-meta-divider-dot\">\n\t<span class=\"posted-by\"><span class=\"meta-label\">By<\/span><span class=\"author vcard\"><span class=\"fn n\">tjasa<\/span><\/span><\/span>\t\t\t<span class=\"posted-on\">\n\t\t\t\t<time class=\"entry-date published\" datetime=\"2023-01-24T11:35:20+00:00\">24 januarja, 2023<\/time><time class=\"updated\" datetime=\"2023-01-24T11:35:21+00:00\">24 januarja, 2023<\/time>\t\t\t<\/span>\n\t\t\t\t<\/div><!-- .entry-meta -->\n\t<\/header><!-- .entry-header -->\n\t<div class=\"entry-summary\">\n\t\t<p>Nekako je v na\u0161i glavi&#8230;.lahko so krive &#8220;smernice&#8221;, lahko &#8220;priporo\u010dila zdravstvenega osebja&#8230;ampak otrok naj bi bil po&#8230;<\/p>\n\t<\/div><!-- .entry-summary -->\n\t<footer class=\"entry-footer\">\n\t\t\t<div class=\"entry-actions\">\n\t\t\t<p class=\"more-link-wrap\">\n\t\t\t\t<a href=\"https:\/\/www.flaskarji.si\/?p=1626\" class=\"post-more-link\">\n\t\t\t\t\tRead More<span class=\"screen-reader-text\"> ODSTAVLJANJE<\/span><span class=\"kadence-svg-iconset svg-baseline\"><svg aria-hidden=\"true\" class=\"kadence-svg-icon kadence-arrow-right-alt-svg\" fill=\"currentColor\" version=\"1.1\" xmlns=\"http:\/\/www.w3.org\/2000\/svg\" width=\"27\" height=\"28\" viewBox=\"0 0 27 28\"><title>Continue<\/title><path d=\"M27 13.953c0 0.141-0.063 0.281-0.156 0.375l-6 5.531c-0.156 0.141-0.359 0.172-0.547 0.094-0.172-0.078-0.297-0.25-0.297-0.453v-3.5h-19.5c-0.281 0-0.5-0.219-0.5-0.5v-3c0-0.281 0.219-0.5 0.5-0.5h19.5v-3.5c0-0.203 0.109-0.375 0.297-0.453s0.391-0.047 0.547 0.078l6 5.469c0.094 0.094 0.156 0.219 0.156 0.359v0z\"><\/path>\n\t\t\t<\/svg><\/span>\t\t\t\t<\/a>\n\t\t\t<\/p>\n\t\t<\/div><!-- .entry-actions -->\n\t\t<\/footer><!-- .entry-footer -->\t\t<\/div>\n\t<\/article>\n<\/li>\n<li class=\"kb-post-list-item\">\n\t<article class=\"entry content-bg loop-entry post-1592 post type-post status-publish format-standard hentry category-https-www-flaskarji-si-page_id1015\">\n\t\t\t\t<div class=\"entry-content-wrap\">\n\t\t\t<header class=\"entry-header\">\n\t\t<div class=\"entry-taxonomies\">\n\t\t<span class=\"category-links term-links category-style-normal\">\n\t\t\t<a href=\"https:\/\/www.flaskarji.si\/?cat=1\" class=\"category-link-https-www-flaskarji-si-page_id1015\" rel=\"tag\">Blog<\/a>\t\t<\/span>\n\t<\/div><!-- .entry-taxonomies -->\n\t<h2 class=\"entry-title\"><a href=\"https:\/\/www.flaskarji.si\/?p=1592\" rel=\"bookmark\">Neustrezen sesalni                    vzorec<\/a><\/h2>\t<div class=\"entry-meta entry-meta-divider-dot\">\n\t<span class=\"posted-by\"><span class=\"meta-label\">By<\/span><span class=\"author vcard\"><span class=\"fn n\">tjasa<\/span><\/span><\/span>\t\t\t<span class=\"posted-on\">\n\t\t\t\t<time class=\"entry-date published\" datetime=\"2022-12-14T07:42:23+00:00\">14 decembra, 2022<\/time><time class=\"updated\" datetime=\"2022-12-14T07:45:47+00:00\">14 decembra, 2022<\/time>\t\t\t<\/span>\n\t\t\t\t<\/div><!-- .entry-meta -->\n\t<\/header><!-- .entry-header -->\n\t<div class=\"entry-summary\">\n\t\t<p>Ob poplavi marketi\u0161kih stekleni\u010dk, se hitro zgodi, da ne izberemo ustrezne. \u010ce hranjenje ni optimalno, lahko otrok&#8230;<\/p>\n\t<\/div><!-- .entry-summary -->\n\t<footer class=\"entry-footer\">\n\t\t\t<div class=\"entry-actions\">\n\t\t\t<p class=\"more-link-wrap\">\n\t\t\t\t<a href=\"https:\/\/www.flaskarji.si\/?p=1592\" class=\"post-more-link\">\n\t\t\t\t\tRead More<span class=\"screen-reader-text\"> Neustrezen sesalni                    vzorec<\/span><span class=\"kadence-svg-iconset svg-baseline\"><svg aria-hidden=\"true\" class=\"kadence-svg-icon kadence-arrow-right-alt-svg\" fill=\"currentColor\" version=\"1.1\" xmlns=\"http:\/\/www.w3.org\/2000\/svg\" width=\"27\" height=\"28\" viewBox=\"0 0 27 28\"><title>Continue<\/title><path d=\"M27 13.953c0 0.141-0.063 0.281-0.156 0.375l-6 5.531c-0.156 0.141-0.359 0.172-0.547 0.094-0.172-0.078-0.297-0.25-0.297-0.453v-3.5h-19.5c-0.281 0-0.5-0.219-0.5-0.5v-3c0-0.281 0.219-0.5 0.5-0.5h19.5v-3.5c0-0.203 0.109-0.375 0.297-0.453s0.391-0.047 0.547 0.078l6 5.469c0.094 0.094 0.156 0.219 0.156 0.359v0z\"><\/path>\n\t\t\t<\/svg><\/span>\t\t\t\t<\/a>\n\t\t\t<\/p>\n\t\t<\/div><!-- .entry-actions -->\n\t\t<\/footer><!-- .entry-footer -->\t\t<\/div>\n\t<\/article>\n<\/li>\n<li class=\"kb-post-list-item\">\n\t<article class=\"entry content-bg loop-entry post-1513 post type-post status-publish format-standard hentry category-https-www-flaskarji-si-page_id1015\">\n\t\t\t\t<div class=\"entry-content-wrap\">\n\t\t\t<header class=\"entry-header\">\n\t\t<div class=\"entry-taxonomies\">\n\t\t<span class=\"category-links term-links category-style-normal\">\n\t\t\t<a href=\"https:\/\/www.flaskarji.si\/?cat=1\" class=\"category-link-https-www-flaskarji-si-page_id1015\" rel=\"tag\">Blog<\/a>\t\t<\/span>\n\t<\/div><!-- .entry-taxonomies -->\n\t<h2 class=\"entry-title\"><a href=\"https:\/\/www.flaskarji.si\/?p=1513\" rel=\"bookmark\">s srcem za sr\u010dke<\/a><\/h2>\t<div class=\"entry-meta entry-meta-divider-dot\">\n\t<span class=\"posted-by\"><span class=\"meta-label\">By<\/span><span class=\"author vcard\"><span class=\"fn n\">tjasa<\/span><\/span><\/span>\t\t\t<span class=\"posted-on\">\n\t\t\t\t<time class=\"entry-date published\" datetime=\"2022-09-16T12:27:47+00:00\">16 septembra, 2022<\/time><time class=\"updated\" datetime=\"2022-09-16T12:27:49+00:00\">16 septembra, 2022<\/time>\t\t\t<\/span>\n\t\t\t\t<\/div><!-- .entry-meta -->\n\t<\/header><!-- .entry-header -->\n\t<div class=\"entry-summary\">\n\t\t<p>Te\u017eko je posplo\u0161evati hranjenje. Vsak pi\u0161e svojo zgodbo. Vsako bitje je individualno, unikatno. Hranjenje je za vsakega&#8230;<\/p>\n\t<\/div><!-- .entry-summary -->\n\t<footer class=\"entry-footer\">\n\t\t\t<div class=\"entry-actions\">\n\t\t\t<p class=\"more-link-wrap\">\n\t\t\t\t<a href=\"https:\/\/www.flaskarji.si\/?p=1513\" class=\"post-more-link\">\n\t\t\t\t\tRead More<span class=\"screen-reader-text\"> s srcem za sr\u010dke<\/span><span class=\"kadence-svg-iconset svg-baseline\"><svg aria-hidden=\"true\" class=\"kadence-svg-icon kadence-arrow-right-alt-svg\" fill=\"currentColor\" version=\"1.1\" xmlns=\"http:\/\/www.w3.org\/2000\/svg\" width=\"27\" height=\"28\" viewBox=\"0 0 27 28\"><title>Continue<\/title><path d=\"M27 13.953c0 0.141-0.063 0.281-0.156 0.375l-6 5.531c-0.156 0.141-0.359 0.172-0.547 0.094-0.172-0.078-0.297-0.25-0.297-0.453v-3.5h-19.5c-0.281 0-0.5-0.219-0.5-0.5v-3c0-0.281 0.219-0.5 0.5-0.5h19.5v-3.5c0-0.203 0.109-0.375 0.297-0.453s0.391-0.047 0.547 0.078l6 5.469c0.094 0.094 0.156 0.219 0.156 0.359v0z\"><\/path>\n\t\t\t<\/svg><\/span>\t\t\t\t<\/a>\n\t\t\t<\/p>\n\t\t<\/div><!-- .entry-actions -->\n\t\t<\/footer><!-- .entry-footer -->\t\t<\/div>\n\t<\/article>\n<\/li>\n<li class=\"kb-post-list-item\">\n\t<article class=\"entry content-bg loop-entry post-1457 post type-post status-publish format-standard hentry category-https-www-flaskarji-si-page_id1015 tag-bolezenhranjenje tag-zavracanje\">\n\t\t\t\t<div class=\"entry-content-wrap\">\n\t\t\t<header class=\"entry-header\">\n\t\t<div class=\"entry-taxonomies\">\n\t\t<span class=\"category-links term-links category-style-normal\">\n\t\t\t<a href=\"https:\/\/www.flaskarji.si\/?cat=1\" class=\"category-link-https-www-flaskarji-si-page_id1015\" rel=\"tag\">Blog<\/a>\t\t<\/span>\n\t<\/div><!-- .entry-taxonomies -->\n\t<h2 class=\"entry-title\"><a href=\"https:\/\/www.flaskarji.si\/?p=1457\" rel=\"bookmark\">KO NASTOPI BOLEZEN..<\/a><\/h2>\t<div class=\"entry-meta entry-meta-divider-dot\">\n\t<span class=\"posted-by\"><span class=\"meta-label\">By<\/span><span class=\"author vcard\"><span class=\"fn n\">tjasa<\/span><\/span><\/span>\t\t\t<span class=\"posted-on\">\n\t\t\t\t<time class=\"entry-date published\" datetime=\"2022-08-02T12:23:38+00:00\">2 avgusta, 2022<\/time><time class=\"updated\" datetime=\"2022-08-02T12:23:39+00:00\">2 avgusta, 2022<\/time>\t\t\t<\/span>\n\t\t\t\t<\/div><!-- .entry-meta -->\n\t<\/header><!-- .entry-header -->\n\t<div class=\"entry-summary\">\n\t\t<p>&#x1f4e2;Nasveti za vzdr\u017eevanje hidracije so na\u010dini pretentanja, kateri so dovoljeni v izrednih razmerah (bolezen,\u00a0 zelo majhna popita&#8230;<\/p>\n\t<\/div><!-- .entry-summary -->\n\t<footer class=\"entry-footer\">\n\t\t\t<div class=\"entry-actions\">\n\t\t\t<p class=\"more-link-wrap\">\n\t\t\t\t<a href=\"https:\/\/www.flaskarji.si\/?p=1457\" class=\"post-more-link\">\n\t\t\t\t\tRead More<span class=\"screen-reader-text\"> KO NASTOPI BOLEZEN..<\/span><span class=\"kadence-svg-iconset svg-baseline\"><svg aria-hidden=\"true\" class=\"kadence-svg-icon kadence-arrow-right-alt-svg\" fill=\"currentColor\" version=\"1.1\" xmlns=\"http:\/\/www.w3.org\/2000\/svg\" width=\"27\" height=\"28\" viewBox=\"0 0 27 28\"><title>Continue<\/title><path d=\"M27 13.953c0 0.141-0.063 0.281-0.156 0.375l-6 5.531c-0.156 0.141-0.359 0.172-0.547 0.094-0.172-0.078-0.297-0.25-0.297-0.453v-3.5h-19.5c-0.281 0-0.5-0.219-0.5-0.5v-3c0-0.281 0.219-0.5 0.5-0.5h19.5v-3.5c0-0.203 0.109-0.375 0.297-0.453s0.391-0.047 0.547 0.078l6 5.469c0.094 0.094 0.156 0.219 0.156 0.359v0z\"><\/path>\n\t\t\t<\/svg><\/span>\t\t\t\t<\/a>\n\t\t\t<\/p>\n\t\t<\/div><!-- .entry-actions -->\n\t\t<\/footer><!-- .entry-footer -->\t\t<\/div>\n\t<\/article>\n<\/li>\n<li class=\"kb-post-list-item\">\n\t<article class=\"entry content-bg loop-entry post-1448 post type-post status-publish format-standard hentry category-https-www-flaskarji-si-page_id1015 tag-polivanje tag-prekomerno-hranjenje-dojencka tag-prenajedanje\">\n\t\t\t\t<div class=\"entry-content-wrap\">\n\t\t\t<header class=\"entry-header\">\n\t\t<div class=\"entry-taxonomies\">\n\t\t<span class=\"category-links term-links category-style-normal\">\n\t\t\t<a href=\"https:\/\/www.flaskarji.si\/?cat=1\" class=\"category-link-https-www-flaskarji-si-page_id1015\" rel=\"tag\">Blog<\/a>\t\t<\/span>\n\t<\/div><!-- .entry-taxonomies -->\n\t<h2 class=\"entry-title\"><a href=\"https:\/\/www.flaskarji.si\/?p=1448\" rel=\"bookmark\">PREKOMERNO HRANJENJE DOJEN\u010cKA<\/a><\/h2>\t<div class=\"entry-meta entry-meta-divider-dot\">\n\t<span class=\"posted-by\"><span class=\"meta-label\">By<\/span><span class=\"author vcard\"><span class=\"fn n\">tjasa<\/span><\/span><\/span>\t\t\t<span class=\"posted-on\">\n\t\t\t\t<time class=\"entry-date published\" datetime=\"2022-07-28T07:44:04+00:00\">28 julija, 2022<\/time><time class=\"updated\" datetime=\"2022-07-28T07:44:06+00:00\">28 julija, 2022<\/time>\t\t\t<\/span>\n\t\t\t\t<\/div><!-- .entry-meta -->\n\t<\/header><!-- .entry-header -->\n\t<div class=\"entry-summary\">\n\t\t<p>Ali se lahko dojen\u010dek prenaje? Seveda se lahko, ampak to se ka\u017ee druga\u010de, kot pri odraslemu \u010dloveku&#8230;.<\/p>\n\t<\/div><!-- .entry-summary -->\n\t<footer class=\"entry-footer\">\n\t\t\t<div class=\"entry-actions\">\n\t\t\t<p class=\"more-link-wrap\">\n\t\t\t\t<a href=\"https:\/\/www.flaskarji.si\/?p=1448\" class=\"post-more-link\">\n\t\t\t\t\tRead More<span class=\"screen-reader-text\"> PREKOMERNO HRANJENJE DOJEN\u010cKA<\/span><span class=\"kadence-svg-iconset svg-baseline\"><svg aria-hidden=\"true\" class=\"kadence-svg-icon kadence-arrow-right-alt-svg\" fill=\"currentColor\" version=\"1.1\" xmlns=\"http:\/\/www.w3.org\/2000\/svg\" width=\"27\" height=\"28\" viewBox=\"0 0 27 28\"><title>Continue<\/title><path d=\"M27 13.953c0 0.141-0.063 0.281-0.156 0.375l-6 5.531c-0.156 0.141-0.359 0.172-0.547 0.094-0.172-0.078-0.297-0.25-0.297-0.453v-3.5h-19.5c-0.281 0-0.5-0.219-0.5-0.5v-3c0-0.281 0.219-0.5 0.5-0.5h19.5v-3.5c0-0.203 0.109-0.375 0.297-0.453s0.391-0.047 0.547 0.078l6 5.469c0.094 0.094 0.156 0.219 0.156 0.359v0z\"><\/path>\n\t\t\t<\/svg><\/span>\t\t\t\t<\/a>\n\t\t\t<\/p>\n\t\t<\/div><!-- .entry-actions -->\n\t\t<\/footer><!-- .entry-footer -->\t\t<\/div>\n\t<\/article>\n<\/li>\n<li class=\"kb-post-list-item\">\n\t<article class=\"entry content-bg loop-entry post-1406 post type-post status-publish format-standard hentry category-https-www-flaskarji-si-page_id1015\">\n\t\t\t\t<div class=\"entry-content-wrap\">\n\t\t\t<header class=\"entry-header\">\n\t\t<div class=\"entry-taxonomies\">\n\t\t<span class=\"category-links term-links category-style-normal\">\n\t\t\t<a href=\"https:\/\/www.flaskarji.si\/?cat=1\" class=\"category-link-https-www-flaskarji-si-page_id1015\" rel=\"tag\">Blog<\/a>\t\t<\/span>\n\t<\/div><!-- .entry-taxonomies -->\n\t<h2 class=\"entry-title\"><a href=\"https:\/\/www.flaskarji.si\/?p=1406\" rel=\"bookmark\">re\u0161evanje averzije<\/a><\/h2>\t<div class=\"entry-meta entry-meta-divider-dot\">\n\t<span class=\"posted-by\"><span class=\"meta-label\">By<\/span><span class=\"author vcard\"><span class=\"fn n\">tjasa<\/span><\/span><\/span>\t\t\t<span class=\"posted-on\">\n\t\t\t\t<time class=\"entry-date published\" datetime=\"2022-06-13T12:24:12+00:00\">13 junija, 2022<\/time><time class=\"updated\" datetime=\"2022-06-29T07:10:35+00:00\">29 junija, 2022<\/time>\t\t\t<\/span>\n\t\t\t\t<\/div><!-- .entry-meta -->\n\t<\/header><!-- .entry-header -->\n\t<div class=\"entry-summary\">\n\t\t<p>Ko se odlo\u010dimo za re\u0161evanje averzije, je pomembno na\u010drtno, strukturiran, celostni pristop. JE RE\u0160ITEV \u010cAS IN UVAJANJE&#8230;<\/p>\n\t<\/div><!-- .entry-summary -->\n\t<footer class=\"entry-footer\">\n\t\t\t<div class=\"entry-actions\">\n\t\t\t<p class=\"more-link-wrap\">\n\t\t\t\t<a href=\"https:\/\/www.flaskarji.si\/?p=1406\" class=\"post-more-link\">\n\t\t\t\t\tRead More<span class=\"screen-reader-text\"> re\u0161evanje averzije<\/span><span class=\"kadence-svg-iconset svg-baseline\"><svg aria-hidden=\"true\" class=\"kadence-svg-icon kadence-arrow-right-alt-svg\" fill=\"currentColor\" version=\"1.1\" xmlns=\"http:\/\/www.w3.org\/2000\/svg\" width=\"27\" height=\"28\" viewBox=\"0 0 27 28\"><title>Continue<\/title><path d=\"M27 13.953c0 0.141-0.063 0.281-0.156 0.375l-6 5.531c-0.156 0.141-0.359 0.172-0.547 0.094-0.172-0.078-0.297-0.25-0.297-0.453v-3.5h-19.5c-0.281 0-0.5-0.219-0.5-0.5v-3c0-0.281 0.219-0.5 0.5-0.5h19.5v-3.5c0-0.203 0.109-0.375 0.297-0.453s0.391-0.047 0.547 0.078l6 5.469c0.094 0.094 0.156 0.219 0.156 0.359v0z\"><\/path>\n\t\t\t<\/svg><\/span>\t\t\t\t<\/a>\n\t\t\t<\/p>\n\t\t<\/div><!-- .entry-actions -->\n\t\t<\/footer><!-- .entry-footer -->\t\t<\/div>\n\t<\/article>\n<\/li>\n<\/ul>","protected":false},"excerpt":{"rendered":"<p>Vsi prispevki na enem mestu..<\/p>\n","protected":false},"author":1,"featured_media":934,"parent":0,"menu_order":0,"comment_status":"closed","ping_status":"closed","template":"","meta":{"_kadence_starter_templates_imported_post":true,"_kad_post_transparent":"","_kad_post_title":"","_kad_post_layout":"","_kad_post_sidebar_id":"","_kad_post_content_style":"","_kad_post_vertical_padding":"","_kad_post_feature":"","_kad_post_feature_position":"","_kad_post_header":false,"_kad_post_footer":false,"footnotes":""},"class_list":["post-1015","page","type-page","status-publish","has-post-thumbnail","hentry"],"yoast_head":"<!-- This site is optimized with the Yoast SEO plugin v27.4 - https:\/\/yoast.com\/product\/yoast-seo-wordpress\/ -->\n<title>Blog - Flaskarji<\/title>\n<meta name=\"description\" content=\"Vsi prispevki na enem mestu. Blog - flaskarji\" \/>\n<meta name=\"robots\" content=\"index, follow, max-snippet:-1, max-image-preview:large, max-video-preview:-1\" \/>\n<link rel=\"canonical\" href=\"https:\/\/www.flaskarji.si\/?page_id=1015\" \/>\n<meta property=\"og:locale\" content=\"sl_SI\" \/>\n<meta property=\"og:type\" content=\"article\" \/>\n<meta property=\"og:title\" content=\"Blog - Flaskarji\" \/>\n<meta property=\"og:description\" content=\"Vsi prispevki na enem mestu. Blog - flaskarji\" \/>\n<meta property=\"og:url\" content=\"https:\/\/www.flaskarji.si\/?page_id=1015\" \/>\n<meta property=\"og:site_name\" content=\"Flaskarji\" \/>\n<meta property=\"article:publisher\" content=\"https:\/\/www.facebook.com\/groups\/1577067462496831\" \/>\n<meta property=\"article:modified_time\" content=\"2022-06-02T11:42:58+00:00\" \/>\n<meta property=\"og:image\" content=\"https:\/\/www.flaskarji.si\/wp-content\/uploads\/2022\/01\/Blog-scaled-1.jpeg\" \/>\n\t<meta property=\"og:image:width\" content=\"1590\" \/>\n\t<meta property=\"og:image:height\" content=\"2560\" \/>\n\t<meta property=\"og:image:type\" content=\"image\/jpeg\" \/>\n<meta name=\"twitter:card\" content=\"summary_large_image\" \/>\n<meta name=\"twitter:label1\" content=\"Est. reading time\" \/>\n\t<meta name=\"twitter:data1\" content=\"1 minuta\" \/>\n<script type=\"application\/ld+json\" class=\"yoast-schema-graph\">{\"@context\":\"https:\\\/\\\/schema.org\",\"@graph\":[{\"@type\":\"WebPage\",\"@id\":\"https:\\\/\\\/www.flaskarji.si\\\/?page_id=1015\",\"url\":\"https:\\\/\\\/www.flaskarji.si\\\/?page_id=1015\",\"name\":\"Blog - Flaskarji\",\"isPartOf\":{\"@id\":\"https:\\\/\\\/www.flaskarji.si\\\/#website\"},\"primaryImageOfPage\":{\"@id\":\"https:\\\/\\\/www.flaskarji.si\\\/?page_id=1015#primaryimage\"},\"image\":{\"@id\":\"https:\\\/\\\/www.flaskarji.si\\\/?page_id=1015#primaryimage\"},\"thumbnailUrl\":\"https:\\\/\\\/www.flaskarji.si\\\/wp-content\\\/uploads\\\/2022\\\/01\\\/Blog-scaled-1.jpeg\",\"datePublished\":\"2021-11-25T15:37:26+00:00\",\"dateModified\":\"2022-06-02T11:42:58+00:00\",\"description\":\"Vsi prispevki na enem mestu. Blog - flaskarji\",\"breadcrumb\":{\"@id\":\"https:\\\/\\\/www.flaskarji.si\\\/?page_id=1015#breadcrumb\"},\"inLanguage\":\"sl-SI\",\"potentialAction\":[{\"@type\":\"ReadAction\",\"target\":[\"https:\\\/\\\/www.flaskarji.si\\\/?page_id=1015\"]}]},{\"@type\":\"ImageObject\",\"inLanguage\":\"sl-SI\",\"@id\":\"https:\\\/\\\/www.flaskarji.si\\\/?page_id=1015#primaryimage\",\"url\":\"https:\\\/\\\/www.flaskarji.si\\\/wp-content\\\/uploads\\\/2022\\\/01\\\/Blog-scaled-1.jpeg\",\"contentUrl\":\"https:\\\/\\\/www.flaskarji.si\\\/wp-content\\\/uploads\\\/2022\\\/01\\\/Blog-scaled-1.jpeg\",\"width\":1590,\"height\":2560},{\"@type\":\"BreadcrumbList\",\"@id\":\"https:\\\/\\\/www.flaskarji.si\\\/?page_id=1015#breadcrumb\",\"itemListElement\":[{\"@type\":\"ListItem\",\"position\":1,\"name\":\"Home\",\"item\":\"https:\\\/\\\/www.flaskarji.si\\\/\"},{\"@type\":\"ListItem\",\"position\":2,\"name\":\"Blog\"}]},{\"@type\":\"WebSite\",\"@id\":\"https:\\\/\\\/www.flaskarji.si\\\/#website\",\"url\":\"https:\\\/\\\/www.flaskarji.si\\\/\",\"name\":\"Flaskarji\",\"description\":\"Hranjene z ljubeznijo\",\"publisher\":{\"@id\":\"https:\\\/\\\/www.flaskarji.si\\\/#organization\"},\"potentialAction\":[{\"@type\":\"SearchAction\",\"target\":{\"@type\":\"EntryPoint\",\"urlTemplate\":\"https:\\\/\\\/www.flaskarji.si\\\/?s={search_term_string}\"},\"query-input\":{\"@type\":\"PropertyValueSpecification\",\"valueRequired\":true,\"valueName\":\"search_term_string\"}}],\"inLanguage\":\"sl-SI\"},{\"@type\":\"Organization\",\"@id\":\"https:\\\/\\\/www.flaskarji.si\\\/#organization\",\"name\":\"flaskarji\",\"url\":\"https:\\\/\\\/www.flaskarji.si\\\/\",\"logo\":{\"@type\":\"ImageObject\",\"inLanguage\":\"sl-SI\",\"@id\":\"https:\\\/\\\/www.flaskarji.si\\\/#\\\/schema\\\/logo\\\/image\\\/\",\"url\":\"https:\\\/\\\/www.flaskarji.si\\\/wp-content\\\/uploads\\\/2022\\\/05\\\/cropped-cropped-IMG_20220422_105822_837.jpg\",\"contentUrl\":\"https:\\\/\\\/www.flaskarji.si\\\/wp-content\\\/uploads\\\/2022\\\/05\\\/cropped-cropped-IMG_20220422_105822_837.jpg\",\"width\":195,\"height\":76,\"caption\":\"flaskarji\"},\"image\":{\"@id\":\"https:\\\/\\\/www.flaskarji.si\\\/#\\\/schema\\\/logo\\\/image\\\/\"},\"sameAs\":[\"https:\\\/\\\/www.facebook.com\\\/groups\\\/1577067462496831\",\"https:\\\/\\\/www.instagram.com\\\/flaskarji\\\/\"]}]}<\/script>\n<!-- \/ Yoast SEO plugin. -->","yoast_head_json":{"title":"Blog - Flaskarji","description":"Vsi prispevki na enem mestu. Blog - flaskarji","robots":{"index":"index","follow":"follow","max-snippet":"max-snippet:-1","max-image-preview":"max-image-preview:large","max-video-preview":"max-video-preview:-1"},"canonical":"https:\/\/www.flaskarji.si\/?page_id=1015","og_locale":"sl_SI","og_type":"article","og_title":"Blog - Flaskarji","og_description":"Vsi prispevki na enem mestu. Blog - flaskarji","og_url":"https:\/\/www.flaskarji.si\/?page_id=1015","og_site_name":"Flaskarji","article_publisher":"https:\/\/www.facebook.com\/groups\/1577067462496831","article_modified_time":"2022-06-02T11:42:58+00:00","og_image":[{"width":1590,"height":2560,"url":"https:\/\/www.flaskarji.si\/wp-content\/uploads\/2022\/01\/Blog-scaled-1.jpeg","type":"image\/jpeg"}],"twitter_card":"summary_large_image","twitter_misc":{"Est. reading time":"1 minuta"},"schema":{"@context":"https:\/\/schema.org","@graph":[{"@type":"WebPage","@id":"https:\/\/www.flaskarji.si\/?page_id=1015","url":"https:\/\/www.flaskarji.si\/?page_id=1015","name":"Blog - Flaskarji","isPartOf":{"@id":"https:\/\/www.flaskarji.si\/#website"},"primaryImageOfPage":{"@id":"https:\/\/www.flaskarji.si\/?page_id=1015#primaryimage"},"image":{"@id":"https:\/\/www.flaskarji.si\/?page_id=1015#primaryimage"},"thumbnailUrl":"https:\/\/www.flaskarji.si\/wp-content\/uploads\/2022\/01\/Blog-scaled-1.jpeg","datePublished":"2021-11-25T15:37:26+00:00","dateModified":"2022-06-02T11:42:58+00:00","description":"Vsi prispevki na enem mestu. Blog - flaskarji","breadcrumb":{"@id":"https:\/\/www.flaskarji.si\/?page_id=1015#breadcrumb"},"inLanguage":"sl-SI","potentialAction":[{"@type":"ReadAction","target":["https:\/\/www.flaskarji.si\/?page_id=1015"]}]},{"@type":"ImageObject","inLanguage":"sl-SI","@id":"https:\/\/www.flaskarji.si\/?page_id=1015#primaryimage","url":"https:\/\/www.flaskarji.si\/wp-content\/uploads\/2022\/01\/Blog-scaled-1.jpeg","contentUrl":"https:\/\/www.flaskarji.si\/wp-content\/uploads\/2022\/01\/Blog-scaled-1.jpeg","width":1590,"height":2560},{"@type":"BreadcrumbList","@id":"https:\/\/www.flaskarji.si\/?page_id=1015#breadcrumb","itemListElement":[{"@type":"ListItem","position":1,"name":"Home","item":"https:\/\/www.flaskarji.si\/"},{"@type":"ListItem","position":2,"name":"Blog"}]},{"@type":"WebSite","@id":"https:\/\/www.flaskarji.si\/#website","url":"https:\/\/www.flaskarji.si\/","name":"Flaskarji","description":"Hranjene z ljubeznijo","publisher":{"@id":"https:\/\/www.flaskarji.si\/#organization"},"potentialAction":[{"@type":"SearchAction","target":{"@type":"EntryPoint","urlTemplate":"https:\/\/www.flaskarji.si\/?s={search_term_string}"},"query-input":{"@type":"PropertyValueSpecification","valueRequired":true,"valueName":"search_term_string"}}],"inLanguage":"sl-SI"},{"@type":"Organization","@id":"https:\/\/www.flaskarji.si\/#organization","name":"flaskarji","url":"https:\/\/www.flaskarji.si\/","logo":{"@type":"ImageObject","inLanguage":"sl-SI","@id":"https:\/\/www.flaskarji.si\/#\/schema\/logo\/image\/","url":"https:\/\/www.flaskarji.si\/wp-content\/uploads\/2022\/05\/cropped-cropped-IMG_20220422_105822_837.jpg","contentUrl":"https:\/\/www.flaskarji.si\/wp-content\/uploads\/2022\/05\/cropped-cropped-IMG_20220422_105822_837.jpg","width":195,"height":76,"caption":"flaskarji"},"image":{"@id":"https:\/\/www.flaskarji.si\/#\/schema\/logo\/image\/"},"sameAs":["https:\/\/www.facebook.com\/groups\/1577067462496831","https:\/\/www.instagram.com\/flaskarji\/"]}]}},"_links":{"self":[{"href":"https:\/\/www.flaskarji.si\/index.php?rest_route=\/wp\/v2\/pages\/1015","targetHints":{"allow":["GET"]}}],"collection":[{"href":"https:\/\/www.flaskarji.si\/index.php?rest_route=\/wp\/v2\/pages"}],"about":[{"href":"https:\/\/www.flaskarji.si\/index.php?rest_route=\/wp\/v2\/types\/page"}],"author":[{"embeddable":true,"href":"https:\/\/www.flaskarji.si\/index.php?rest_route=\/wp\/v2\/users\/1"}],"replies":[{"embeddable":true,"href":"https:\/\/www.flaskarji.si\/index.php?rest_route=%2Fwp%2Fv2%2Fcomments&post=1015"}],"version-history":[{"count":6,"href":"https:\/\/www.flaskarji.si\/index.php?rest_route=\/wp\/v2\/pages\/1015\/revisions"}],"predecessor-version":[{"id":1339,"href":"https:\/\/www.flaskarji.si\/index.php?rest_route=\/wp\/v2\/pages\/1015\/revisions\/1339"}],"wp:featuredmedia":[{"embeddable":true,"href":"https:\/\/www.flaskarji.si\/index.php?rest_route=\/wp\/v2\/media\/934"}],"wp:attachment":[{"href":"https:\/\/www.flaskarji.si\/index.php?rest_route=%2Fwp%2Fv2%2Fmedia&parent=1015"}],"curies":[{"name":"wp","href":"https:\/\/api.w.org\/{rel}","templated":true}]}}