{"id":1608,"date":"2022-12-14T08:39:18","date_gmt":"2022-12-14T08:39:18","guid":{"rendered":"https:\/\/www.flaskarji.si\/?page_id=1608"},"modified":"2022-12-14T08:45:51","modified_gmt":"2022-12-14T08:45:51","slug":"pogoji-poslovanja","status":"publish","type":"page","link":"https:\/\/www.flaskarji.si\/?page_id=1608","title":{"rendered":"POGOJI POSLOVANJA"},"content":{"rendered":"\n<p>Splo\u0161no<br>Splo\u0161ni pogoji urejajo postopek prijave in odjave na posamezen dogodek ali svetovanje pred izvedbo posameznega dogodka, varovanje osebnih podatkov in izvedbo dogodkov.<\/p>\n\n\n\n<p>Splo\u0161ni pogoji poslovanja TA3 (v nadaljevanju Splo\u0161ni pogoji) se nana\u0161ajo na vse dogodke, ki jih organizira podjetje TA3, Andrej \u0160imc s.p. (v nadaljevanju Organizator\/upravitelj).<\/p>\n\n\n\n<p>Splo\u0161ni pogoji veljajo in se uporabljajo za vse dogodke, svetovanja in udele\u017eence enako, razen \u010de je v okviru prijave na posamezen Dogodek ali svetovanja dolo\u010deno druga\u010de s strani Organizatorja.<\/p>\n\n\n\n<p>Splo\u0161ni pogoji so sestavni del vsake prijavnice na vsak dogodek ali svetovanje, ne glede na obliko prijave na dogodek\/Svetovanje (preko spletne strani ali po elektronski po\u0161ti, ki izkazuje osebo in dogodek, na katero se je ta oseba prijavila). Vsaka oseba, ki se prijavi na posamezen dogodek\/svetovanje, v celoti, nepreklicno in brezpogojno sprejema te Splo\u0161ne pogoje.<\/p>\n\n\n\n<p>Prijave in pla\u010dilo udele\u017ebe<br>Prijava na dogodek se izvede z izpolnitvijo spletne prijavnice na spletni strani ali preko e-po\u0161te:&nbsp;info@flaskarji.si<\/p>\n\n\n\n<p>Prijava na svetovanje, se izvede preko dogovora, preko maila, tekstnega sporo\u010dila ali ustnega dogovora.<\/p>\n\n\n\n<p>Pla\u010dilo za posamezen dogodek\/svetovanje se izvede preko ban\u010dnega nakazila.<\/p>\n\n\n\n<p>Odpoved prijave<br>Organizator si pridru\u017euje pravico, da vsako prijavo zavrne oz. odpove brez obrazlo\u017eitve.<\/p>\n\n\n\n<p>Odpoved s strani stranke je mo\u017ena v primeru vi\u0161je sile, ob predhodnem obvestilu, vsaj en dan pred na\u010drtovanim obiskom.<\/p>\n\n\n\n<p>Vsebina dogodkov in svetovanj<br>Organizator\/upravitelj si pridr\u017euje pravico do delnih vsebinskih sprememb dogodka\/svetovanj.<\/p>\n\n\n\n<p><\/p>\n\n\n\n<p>Vsebina predavanj in gradiv na posameznih dogodkih, obiskih, svetovanjih izra\u017ea izklju\u010dno stali\u0161\u010da predavateljev, svetovalcev, in ne nujno tudi organizacij, v katerih so zaposleni ali Organizatorja. V nobenem primeru niso TA3 in njegovi &nbsp;podizvajalci odgovorni za kakr\u0161no koli \u0161kodo (posredno, neposredno ali posledi\u010dno), ki bi temeljila na informacijah, ki so bile pridobljene na posameznih dogodkih.<\/p>\n\n\n\n<p>Sprememba termina in\/ali lokacije dogodka ter odpoved dogodka\/svetovanj.<br>Organizator si pridr\u017euje pravico do terminske ali prostorske spremembe izobra\u017eevanja (v obmo\u010dju ne ve\u010d kot 15 km od prvotno predvidenega kraja dogodka) zaradi objektivnih razlogov oz. vi\u0161je sile.<\/p>\n\n\n\n<p>Organizator si pridr\u017euje pravico do odpovedi dogodka\/svetovanja zaradi drugih objektivnih razlogov ali vi\u0161je sile. V tem primeru bo organizator obvestil vse prijavljene najmanj en delovni dan pred napovedanim dogodkom. <\/p>\n\n\n\n<p>Izjava o odgovornosti<br>Organizator ne daje nobenih jamstev ali garancij o rezultatih, ki jih vi ali drugi lahko dose\u017eete kot rezultat udele\u017ebe na posameznem dogodku ali terapiji, svetovanj.<\/p>\n\n\n\n<p>Organizator se po najbolj\u0161ih mo\u010deh trudi, da potencialnim udele\u017eencem dobro in natan\u010dno predstavi svoje dogodke in terapije ter njihovo zmo\u017enost, da jim pomagajo izbolj\u0161ati \u017eivljenski standard, vendar so udele\u017eenci sami odgovorni za svoja dejanja in rezultate.<\/p>\n\n\n\n<p>Organizator uporablja izjave ali druge trditve udele\u017eencev v zvezi z izbolj\u0161anjem \u017eivljenskega standarda, ki so ga dosegli udele\u017eenci dogodkov ali terapij. Te izjave ali druge trditve ne pomenijo, da boste vsi udele\u017eenci dosegali podobne rezultate. Rezultati, ki so jih udele\u017eenci dosegli v preteklosti, ne napovedujejo nujno &nbsp;rezultatov, ki ji bodo dosegali v prihodnosti. Kjer Organizator omenja rezultate, ki so jih dosegli udele\u017eenci dogodkov ali terapij, svetovanj, so te trditve osnovane na informacijah, ki jih je prejel od udele\u017eencev. Organizator morda nima drugih dokazil o rezultatih, ki so jih tisti posamezniki dosegli.<\/p>\n\n\n\n<p>Svetovanja, predavanja iz strani fla\u0161karji.si niso nadomestila za zdravstvene storitve, ter ne morejo nadomestiti strokovnega, zdravstvenega mnenja.<\/p>\n\n\n\n<p>Varovanje osebnih podatkov<br>Organizator in upravljalec spletne strani flaskarji.si zagotavlja visoko raven varovanja osebnih podatkov in se zavezuje, da bo vse prejete osebne podatke, navedene v spletni prijavnici ali e-po\u0161ti, skrbno hranil in uporabljal samo z namenom analiziranja podatkov o udele\u017eencih dogodkov, za marketin\u0161ke raziskave ter za predstavitev storitev fla\u0161karji, ter jih brez privolitve posameznih oseb, na katere se podatki nana\u0161ajo, ne bo posredoval tretjim osebam.<\/p>\n\n\n\n<p>Prijavitelji na dogodek ali svetovanje s prijavo dovoljujejo obdelavo svojih osebnih podatkov in podatkov oseb, ki so navedeni na prijavnici za zgoraj opisani namen, za kar imajo vsa ustrezna pooblastila. Osebe, navedene na prijavnici, lahko kadarkoli zahtevajo, da Organizator trajno ali za\u010dasno preneha uporabljati njihove osebne podatke z namenom analiziranja udele\u017eencev dogodkov, marketin\u0161kih raziskav ter za predstavitev izdelkov in storitev Fla\u0161karjev. Osebe, navedene na prijavnici, imajo pravico do dostopa do svojih osebnih podatkov ter pravico, da Organizatorja kontaktirajo na naslovih, ki so navedeni na prijavnici in v teh Splo\u0161nih pogojih, \u010de si \u017eelijo ogledati, popraviti, spremeniti ali posodobiti svoje osebne podatke v podatkovni bazi upravitelja spletne strani flaksarji.si. Upravitelj je dol\u017ean v 15 dneh ustrezno prepre\u010diti uporabo osebnih podatkov z namenom analiziranja naro\u010dnikov, marketin\u0161kih raziskav ter za predstavitev izdelkov in storitev Fla\u0161karji (odjava od obvestil), ter o tem v nadaljnjih 5 dneh obvestiti osebo, ki je to zahtevala. Stro\u0161ke vseh dejanj v zvezi s tem krije upravitelj.<\/p>\n\n\n\n<p>Uporabniki spletne strani, kjer upravitelj zbira podatke, z vpisom svojih podatkov v za to namenjene obrazce in s potrditvijo vpisa po e-po\u0161ti dovoljujejo obdelavo svojih osebnih podatkov za zgoraj opisane namene. Upravitelj se obvezuje, da bodo vsi na ta na\u010din pridobljeni podatki varovani v skladu z Zakonom o varstvu osebnih podatkov. Organizator se obvezuje, da bo vsako njegovo e-po\u0161tno obvestilo opremljeno z mo\u017enostjo avtomati\u010dne in takoj\u0161nje odjave od obvestil.<\/p>\n\n\n\n<p>Pogoji uporabe avtorskih vsebin<br>Fla\u0161karji si pridr\u017euje pravico do napak na svoji spletnih strani tako v slikovnem kot tekstovnem delu in zanje ne prevzema odgovornosti.<\/p>\n\n\n\n<p>Vse informacije, grafika in programski elementi v naj\u0161ir\u0161em pomenu (teksti, skice, fotografije, video vsebine, ipd.), vsebovane na spletni strani upravitelja spletne strani flaskarji.si, so avtorsko delo upravitelja in zato \u017ee s svojim nastankom v zakonsko dovoljenem okviru predmet avtorske za\u0161\u010dite ali druge oblike za\u0161\u010dite intelektualne lastnine.<\/p>\n\n\n\n<p>Uporabnikom je dovoljeno uporabljati objavljene vsebine izklju\u010dno le v osebne in nekomercialne namene. Vsakemu posameznemu uporabniku je dovoljeno uporabljati objavljene vsebine izklju\u010dno le v enem, osebnem izvodu. Dokumenti in vsebine, objavljeni na spletni strani, se v nobenem primeru ne smejo kopirati, prepisovati, razmno\u017eevati ali kako druga\u010de raz\u0161irjati v komercialne namene.<\/p>\n\n\n\n<p>Dokumenti in vsebine, objavljeni na spletni strani upravitelja, se lahko izjemoma reproducirajo izklju\u010dno le v nekomercialne namene, pri \u010demer morajo biti ohranjene vse informacije o avtorjih in viru ter opozorila o za\u0161\u010diti avtorskih ali drugih pravic. Tak\u0161en izdelek in vsi ostali izdelki oz. storitve, ki so z njim morda ogla\u0161evani, morajo biti tako kot te spletne strani povsem brezpla\u010dni in dostopni vsem pod enakimi pogoji in brez dodatnih omejitev.<\/p>\n\n\n\n<p>Kdor \u017eeli objaviti le del vsebine oz. jo \u017eeli objaviti pod druga\u010dnimi pogoji, mora dobiti predhodno pisno dovoljenje avtorja oz. avtorjev. \u010ce ti pogoji niso izpolnjeni, po Zakonu o avtorskih in sorodnih pravicah Republike Slovenije kopiranje avtorskih vsebin teh spletnih strani ni dovoljeno.<\/p>\n\n\n\n<p>Registracija, prijava in ogledovanje vsebin spletnih strani&nbsp;<a href=\"http:\/\/www.mocenergije.si\/\">http:\/\/www.flaskarji.si<\/a>&nbsp;pomeni avtomati\u010dno pristajanje na te pogoje.<\/p>\n","protected":false},"excerpt":{"rendered":"<p>Splo\u0161noSplo\u0161ni pogoji urejajo postopek prijave in odjave na posamezen dogodek ali svetovanje pred izvedbo posameznega dogodka, varovanje osebnih podatkov in izvedbo dogodkov. Splo\u0161ni pogoji poslovanja TA3 (v nadaljevanju Splo\u0161ni pogoji) se nana\u0161ajo na vse dogodke, ki jih organizira podjetje TA3, Andrej \u0160imc s.p. (v nadaljevanju Organizator\/upravitelj). Splo\u0161ni pogoji veljajo in se uporabljajo za vse dogodke,&#8230;<\/p>\n","protected":false},"author":1,"featured_media":0,"parent":0,"menu_order":0,"comment_status":"closed","ping_status":"closed","template":"","meta":{"_kadence_starter_templates_imported_post":false,"_kad_post_transparent":"","_kad_post_title":"","_kad_post_layout":"","_kad_post_sidebar_id":"","_kad_post_content_style":"","_kad_post_vertical_padding":"","_kad_post_feature":"","_kad_post_feature_position":"","_kad_post_header":false,"_kad_post_footer":false,"footnotes":""},"class_list":["post-1608","page","type-page","status-publish","hentry"],"yoast_head":"<!-- This site is optimized with the Yoast SEO plugin v27.4 - https:\/\/yoast.com\/product\/yoast-seo-wordpress\/ -->\n<title>POGOJI POSLOVANJA - Flaskarji<\/title>\n<meta name=\"robots\" content=\"index, follow, max-snippet:-1, max-image-preview:large, max-video-preview:-1\" \/>\n<link rel=\"canonical\" href=\"https:\/\/www.flaskarji.si\/?page_id=1608\" \/>\n<meta property=\"og:locale\" content=\"sl_SI\" \/>\n<meta property=\"og:type\" content=\"article\" \/>\n<meta property=\"og:title\" content=\"POGOJI POSLOVANJA - Flaskarji\" \/>\n<meta property=\"og:description\" content=\"Splo\u0161noSplo\u0161ni pogoji urejajo postopek prijave in odjave na posamezen dogodek ali svetovanje pred izvedbo posameznega dogodka, varovanje osebnih podatkov in izvedbo dogodkov. Splo\u0161ni pogoji poslovanja TA3 (v nadaljevanju Splo\u0161ni pogoji) se nana\u0161ajo na vse dogodke, ki jih organizira podjetje TA3, Andrej \u0160imc s.p. (v nadaljevanju Organizator\/upravitelj). Splo\u0161ni pogoji veljajo in se uporabljajo za vse dogodke,...\" \/>\n<meta property=\"og:url\" content=\"https:\/\/www.flaskarji.si\/?page_id=1608\" \/>\n<meta property=\"og:site_name\" content=\"Flaskarji\" \/>\n<meta property=\"article:publisher\" content=\"https:\/\/www.facebook.com\/groups\/1577067462496831\" \/>\n<meta property=\"article:modified_time\" content=\"2022-12-14T08:45:51+00:00\" \/>\n<meta name=\"twitter:card\" content=\"summary_large_image\" \/>\n<meta name=\"twitter:label1\" content=\"Est. reading time\" \/>\n\t<meta name=\"twitter:data1\" content=\"6 minut\" \/>\n<script type=\"application\/ld+json\" class=\"yoast-schema-graph\">{\"@context\":\"https:\\\/\\\/schema.org\",\"@graph\":[{\"@type\":\"WebPage\",\"@id\":\"https:\\\/\\\/www.flaskarji.si\\\/?page_id=1608\",\"url\":\"https:\\\/\\\/www.flaskarji.si\\\/?page_id=1608\",\"name\":\"POGOJI POSLOVANJA - Flaskarji\",\"isPartOf\":{\"@id\":\"https:\\\/\\\/www.flaskarji.si\\\/#website\"},\"datePublished\":\"2022-12-14T08:39:18+00:00\",\"dateModified\":\"2022-12-14T08:45:51+00:00\",\"breadcrumb\":{\"@id\":\"https:\\\/\\\/www.flaskarji.si\\\/?page_id=1608#breadcrumb\"},\"inLanguage\":\"sl-SI\",\"potentialAction\":[{\"@type\":\"ReadAction\",\"target\":[\"https:\\\/\\\/www.flaskarji.si\\\/?page_id=1608\"]}]},{\"@type\":\"BreadcrumbList\",\"@id\":\"https:\\\/\\\/www.flaskarji.si\\\/?page_id=1608#breadcrumb\",\"itemListElement\":[{\"@type\":\"ListItem\",\"position\":1,\"name\":\"Home\",\"item\":\"https:\\\/\\\/www.flaskarji.si\\\/\"},{\"@type\":\"ListItem\",\"position\":2,\"name\":\"POGOJI POSLOVANJA\"}]},{\"@type\":\"WebSite\",\"@id\":\"https:\\\/\\\/www.flaskarji.si\\\/#website\",\"url\":\"https:\\\/\\\/www.flaskarji.si\\\/\",\"name\":\"Flaskarji\",\"description\":\"Hranjene z ljubeznijo\",\"publisher\":{\"@id\":\"https:\\\/\\\/www.flaskarji.si\\\/#organization\"},\"potentialAction\":[{\"@type\":\"SearchAction\",\"target\":{\"@type\":\"EntryPoint\",\"urlTemplate\":\"https:\\\/\\\/www.flaskarji.si\\\/?s={search_term_string}\"},\"query-input\":{\"@type\":\"PropertyValueSpecification\",\"valueRequired\":true,\"valueName\":\"search_term_string\"}}],\"inLanguage\":\"sl-SI\"},{\"@type\":\"Organization\",\"@id\":\"https:\\\/\\\/www.flaskarji.si\\\/#organization\",\"name\":\"flaskarji\",\"url\":\"https:\\\/\\\/www.flaskarji.si\\\/\",\"logo\":{\"@type\":\"ImageObject\",\"inLanguage\":\"sl-SI\",\"@id\":\"https:\\\/\\\/www.flaskarji.si\\\/#\\\/schema\\\/logo\\\/image\\\/\",\"url\":\"https:\\\/\\\/www.flaskarji.si\\\/wp-content\\\/uploads\\\/2022\\\/05\\\/cropped-cropped-IMG_20220422_105822_837.jpg\",\"contentUrl\":\"https:\\\/\\\/www.flaskarji.si\\\/wp-content\\\/uploads\\\/2022\\\/05\\\/cropped-cropped-IMG_20220422_105822_837.jpg\",\"width\":195,\"height\":76,\"caption\":\"flaskarji\"},\"image\":{\"@id\":\"https:\\\/\\\/www.flaskarji.si\\\/#\\\/schema\\\/logo\\\/image\\\/\"},\"sameAs\":[\"https:\\\/\\\/www.facebook.com\\\/groups\\\/1577067462496831\",\"https:\\\/\\\/www.instagram.com\\\/flaskarji\\\/\"]}]}<\/script>\n<!-- \/ Yoast SEO plugin. -->","yoast_head_json":{"title":"POGOJI POSLOVANJA - Flaskarji","robots":{"index":"index","follow":"follow","max-snippet":"max-snippet:-1","max-image-preview":"max-image-preview:large","max-video-preview":"max-video-preview:-1"},"canonical":"https:\/\/www.flaskarji.si\/?page_id=1608","og_locale":"sl_SI","og_type":"article","og_title":"POGOJI POSLOVANJA - Flaskarji","og_description":"Splo\u0161noSplo\u0161ni pogoji urejajo postopek prijave in odjave na posamezen dogodek ali svetovanje pred izvedbo posameznega dogodka, varovanje osebnih podatkov in izvedbo dogodkov. Splo\u0161ni pogoji poslovanja TA3 (v nadaljevanju Splo\u0161ni pogoji) se nana\u0161ajo na vse dogodke, ki jih organizira podjetje TA3, Andrej \u0160imc s.p. (v nadaljevanju Organizator\/upravitelj). Splo\u0161ni pogoji veljajo in se uporabljajo za vse dogodke,...","og_url":"https:\/\/www.flaskarji.si\/?page_id=1608","og_site_name":"Flaskarji","article_publisher":"https:\/\/www.facebook.com\/groups\/1577067462496831","article_modified_time":"2022-12-14T08:45:51+00:00","twitter_card":"summary_large_image","twitter_misc":{"Est. reading time":"6 minut"},"schema":{"@context":"https:\/\/schema.org","@graph":[{"@type":"WebPage","@id":"https:\/\/www.flaskarji.si\/?page_id=1608","url":"https:\/\/www.flaskarji.si\/?page_id=1608","name":"POGOJI POSLOVANJA - Flaskarji","isPartOf":{"@id":"https:\/\/www.flaskarji.si\/#website"},"datePublished":"2022-12-14T08:39:18+00:00","dateModified":"2022-12-14T08:45:51+00:00","breadcrumb":{"@id":"https:\/\/www.flaskarji.si\/?page_id=1608#breadcrumb"},"inLanguage":"sl-SI","potentialAction":[{"@type":"ReadAction","target":["https:\/\/www.flaskarji.si\/?page_id=1608"]}]},{"@type":"BreadcrumbList","@id":"https:\/\/www.flaskarji.si\/?page_id=1608#breadcrumb","itemListElement":[{"@type":"ListItem","position":1,"name":"Home","item":"https:\/\/www.flaskarji.si\/"},{"@type":"ListItem","position":2,"name":"POGOJI POSLOVANJA"}]},{"@type":"WebSite","@id":"https:\/\/www.flaskarji.si\/#website","url":"https:\/\/www.flaskarji.si\/","name":"Flaskarji","description":"Hranjene z ljubeznijo","publisher":{"@id":"https:\/\/www.flaskarji.si\/#organization"},"potentialAction":[{"@type":"SearchAction","target":{"@type":"EntryPoint","urlTemplate":"https:\/\/www.flaskarji.si\/?s={search_term_string}"},"query-input":{"@type":"PropertyValueSpecification","valueRequired":true,"valueName":"search_term_string"}}],"inLanguage":"sl-SI"},{"@type":"Organization","@id":"https:\/\/www.flaskarji.si\/#organization","name":"flaskarji","url":"https:\/\/www.flaskarji.si\/","logo":{"@type":"ImageObject","inLanguage":"sl-SI","@id":"https:\/\/www.flaskarji.si\/#\/schema\/logo\/image\/","url":"https:\/\/www.flaskarji.si\/wp-content\/uploads\/2022\/05\/cropped-cropped-IMG_20220422_105822_837.jpg","contentUrl":"https:\/\/www.flaskarji.si\/wp-content\/uploads\/2022\/05\/cropped-cropped-IMG_20220422_105822_837.jpg","width":195,"height":76,"caption":"flaskarji"},"image":{"@id":"https:\/\/www.flaskarji.si\/#\/schema\/logo\/image\/"},"sameAs":["https:\/\/www.facebook.com\/groups\/1577067462496831","https:\/\/www.instagram.com\/flaskarji\/"]}]}},"_links":{"self":[{"href":"https:\/\/www.flaskarji.si\/index.php?rest_route=\/wp\/v2\/pages\/1608","targetHints":{"allow":["GET"]}}],"collection":[{"href":"https:\/\/www.flaskarji.si\/index.php?rest_route=\/wp\/v2\/pages"}],"about":[{"href":"https:\/\/www.flaskarji.si\/index.php?rest_route=\/wp\/v2\/types\/page"}],"author":[{"embeddable":true,"href":"https:\/\/www.flaskarji.si\/index.php?rest_route=\/wp\/v2\/users\/1"}],"replies":[{"embeddable":true,"href":"https:\/\/www.flaskarji.si\/index.php?rest_route=%2Fwp%2Fv2%2Fcomments&post=1608"}],"version-history":[{"count":1,"href":"https:\/\/www.flaskarji.si\/index.php?rest_route=\/wp\/v2\/pages\/1608\/revisions"}],"predecessor-version":[{"id":1609,"href":"https:\/\/www.flaskarji.si\/index.php?rest_route=\/wp\/v2\/pages\/1608\/revisions\/1609"}],"wp:attachment":[{"href":"https:\/\/www.flaskarji.si\/index.php?rest_route=%2Fwp%2Fv2%2Fmedia&parent=1608"}],"curies":[{"name":"wp","href":"https:\/\/api.w.org\/{rel}","templated":true}]}}